{"id":847,"date":"2020-01-20T21:20:39","date_gmt":"2020-01-20T21:20:39","guid":{"rendered":"http:\/\/www.flickanddrop.com.ar\/?post_type=product&#038;p=847"},"modified":"2026-03-06T14:23:26","modified_gmt":"2026-03-06T14:23:26","slug":"camiseta-inglaterra-imago","status":"publish","type":"product","link":"https:\/\/flickanddrop.com.ar\/?product=camiseta-inglaterra-imago","title":{"rendered":"Remera Deportiva All Blacks Microfibra Imago"},"content":{"rendered":"<p>Adultos y NI\u00f1os Fabricantes de indumentaria especializados en la producci\u00f3n de camisetas de rugby y ropa deportiva.<br \/>\nHan desarrollado una Linea de Entrenamiento con los art\u00ecculos necesarios para el entrenamiento de este deporte que cuenta con Camisetas y Short de juego, Remeras Termicas, Calzas Anat\u00f2micas, Musculosas Deportivas, Remeras Deportivas\u00a0 y Camperas Deportivas.<\/p>\n","protected":false},"excerpt":{"rendered":"<p>Adultos y NI\u00f1os Fabricantes de indumentaria especializados en la producci\u00f3n de camisetas de rugby y ropa deportiva. Han desarrollado una Linea de Entrenamiento con los art\u00ecculos necesarios para el entrenamiento de este deporte que cuenta con Camisetas y Short de juego, Remeras Termicas, Calzas Anat\u00f2micas, Musculosas Deportivas, Remeras Deportivas\u00a0 y Camperas Deportivas.<\/p>\n","protected":false},"featured_media":13270,"template":"","meta":{"neve_meta_sidebar":"","neve_meta_container":"","neve_meta_enable_content_width":"off","neve_meta_content_width":70,"neve_meta_title_alignment":"","neve_meta_author_avatar":"","neve_post_elements_order":"","neve_meta_disable_header":"","neve_meta_disable_footer":"","neve_meta_disable_title":""},"_links":{"self":[{"href":"https:\/\/flickanddrop.com.ar\/index.php?rest_route=\/wp\/v2\/product\/847"}],"collection":[{"href":"https:\/\/flickanddrop.com.ar\/index.php?rest_route=\/wp\/v2\/product"}],"about":[{"href":"https:\/\/flickanddrop.com.ar\/index.php?rest_route=\/wp\/v2\/types\/product"}],"wp:featuredmedia":[{"embeddable":true,"href":"https:\/\/flickanddrop.com.ar\/index.php?rest_route=\/wp\/v2\/media\/13270"}],"wp:attachment":[{"href":"https:\/\/flickanddrop.com.ar\/index.php?rest_route=%2Fwp%2Fv2%2Fmedia&parent=847"}],"curies":[{"name":"wp","href":"https:\/\/api.w.org\/{rel}","templated":true}]}}