{"id":56984,"date":"2024-10-08T19:45:40","date_gmt":"2024-10-08T19:45:40","guid":{"rendered":"https:\/\/flickanddrop.com.ar\/?post_type=product&#038;p=56984"},"modified":"2025-12-09T14:53:38","modified_gmt":"2025-12-09T14:53:38","slug":"palo-hockey-dita-carbo-tec-pro-3d-100","status":"publish","type":"product","link":"https:\/\/flickanddrop.com.ar\/?product=palo-hockey-dita-carbo-tec-pro-3d-100","title":{"rendered":"Palo Hockey Dita Carbo Tec Pro 3D 100"},"content":{"rendered":"<p>La elecci\u00f3n de los mejores jugadores. Rendimiento profesional, potencia de materiales de primera calidad y tecnolog\u00eda de punta. Carbono japon\u00e9s de ultra alta calidad acabado con una capa final de carbono azul de grado aeroespacial. Envuelto en \u00e1ngulos optimizados para brindarle una sensaci\u00f3n perfecta y la m\u00e1xima potencia. Con una infusi\u00f3n de bio resina a base de plantas para un rendimiento superior y bajo impacto ambiental.<br \/>\nComposici\u00f3n: 100% Carbono<\/p>\n","protected":false},"excerpt":{"rendered":"<p>La elecci\u00f3n de los mejores jugadores. Rendimiento profesional, potencia de materiales de primera calidad y tecnolog\u00eda de punta. Carbono japon\u00e9s de ultra alta calidad acabado con una capa final de carbono azul de grado aeroespacial. Envuelto en \u00e1ngulos optimizados para brindarle una sensaci\u00f3n perfecta y la m\u00e1xima potencia. Con una infusi\u00f3n de bio resina a&hellip;&nbsp;<a href=\"https:\/\/flickanddrop.com.ar\/?product=palo-hockey-dita-carbo-tec-pro-3d-100\" class=\"\" rel=\"bookmark\">Leer m\u00e1s &raquo;<span class=\"screen-reader-text\">Palo Hockey Dita Carbo Tec Pro 3D 100<\/span><\/a><\/p>\n","protected":false},"featured_media":56985,"template":"","meta":{"neve_meta_sidebar":"","neve_meta_container":"","neve_meta_enable_content_width":"off","neve_meta_content_width":70,"neve_meta_title_alignment":"","neve_meta_author_avatar":"","neve_post_elements_order":"","neve_meta_disable_header":"","neve_meta_disable_footer":"","neve_meta_disable_title":""},"_links":{"self":[{"href":"https:\/\/flickanddrop.com.ar\/index.php?rest_route=\/wp\/v2\/product\/56984"}],"collection":[{"href":"https:\/\/flickanddrop.com.ar\/index.php?rest_route=\/wp\/v2\/product"}],"about":[{"href":"https:\/\/flickanddrop.com.ar\/index.php?rest_route=\/wp\/v2\/types\/product"}],"wp:featuredmedia":[{"embeddable":true,"href":"https:\/\/flickanddrop.com.ar\/index.php?rest_route=\/wp\/v2\/media\/56985"}],"wp:attachment":[{"href":"https:\/\/flickanddrop.com.ar\/index.php?rest_route=%2Fwp%2Fv2%2Fmedia&parent=56984"}],"curies":[{"name":"wp","href":"https:\/\/api.w.org\/{rel}","templated":true}]}}