{"id":51192,"date":"2024-02-20T19:58:55","date_gmt":"2024-02-20T19:58:55","guid":{"rendered":"https:\/\/flickanddrop.com.ar\/?post_type=product&#038;p=51192"},"modified":"2025-12-09T14:50:54","modified_gmt":"2025-12-09T14:50:54","slug":"palo-dita-carbon-tec-70","status":"publish","type":"product","link":"https:\/\/flickanddrop.com.ar\/?product=palo-dita-carbon-tec-70","title":{"rendered":"Palo Dita Carbon Tec 70%"},"content":{"rendered":"<p>El Dita CompoTec C70 X-Bow proviene de la serie CompoTec de Dita. Esta colecci\u00f3n contiene material compotec ultraligero, este material proporciona una combinaci\u00f3n \u00f3ptima de comodidad, peso y resistencia. Fortificado con una poderosa Bio Resina de origen vegetal para un rendimiento superior y un bajo impacto ambienta<br \/>\nEl CompoTec C70 consta de un 70 % de carbono. El carbono proporciona potencia, lo que facilita generar velocidad de bola. El 5% de aramida aumenta la capacidad de absorci\u00f3n de impactos, brind\u00e1ndote m\u00e1s sensaci\u00f3n y control sobre el palo.<br \/>\nLa curvatura de 25 mm a una altura de 200 mm.\u00a0 Curva Extreme Low Bow<br \/>\nEl grosor total del gancho es menor que el de un modelo est\u00e1ndar, lo que facilita que los jugadores se coloquen debajo de la pelota y permite el hockey en 3D para todos.<\/p>\n<p>&nbsp;<\/p>\n","protected":false},"excerpt":{"rendered":"<p>El Dita CompoTec C70 X-Bow proviene de la serie CompoTec de Dita. Esta colecci\u00f3n contiene material compotec ultraligero, este material proporciona una combinaci\u00f3n \u00f3ptima de comodidad, peso y resistencia. Fortificado con una poderosa Bio Resina de origen vegetal para un rendimiento superior y un bajo impacto ambienta El CompoTec C70 consta de un 70 %&hellip;&nbsp;<a href=\"https:\/\/flickanddrop.com.ar\/?product=palo-dita-carbon-tec-70\" class=\"\" rel=\"bookmark\">Leer m\u00e1s &raquo;<span class=\"screen-reader-text\">Palo Dita Carbon Tec 70%<\/span><\/a><\/p>\n","protected":false},"featured_media":51193,"template":"","meta":{"neve_meta_sidebar":"","neve_meta_container":"","neve_meta_enable_content_width":"off","neve_meta_content_width":70,"neve_meta_title_alignment":"","neve_meta_author_avatar":"","neve_post_elements_order":"","neve_meta_disable_header":"","neve_meta_disable_footer":"","neve_meta_disable_title":""},"_links":{"self":[{"href":"https:\/\/flickanddrop.com.ar\/index.php?rest_route=\/wp\/v2\/product\/51192"}],"collection":[{"href":"https:\/\/flickanddrop.com.ar\/index.php?rest_route=\/wp\/v2\/product"}],"about":[{"href":"https:\/\/flickanddrop.com.ar\/index.php?rest_route=\/wp\/v2\/types\/product"}],"wp:featuredmedia":[{"embeddable":true,"href":"https:\/\/flickanddrop.com.ar\/index.php?rest_route=\/wp\/v2\/media\/51193"}],"wp:attachment":[{"href":"https:\/\/flickanddrop.com.ar\/index.php?rest_route=%2Fwp%2Fv2%2Fmedia&parent=51192"}],"curies":[{"name":"wp","href":"https:\/\/api.w.org\/{rel}","templated":true}]}}