{"id":30703,"date":"2022-02-14T14:30:39","date_gmt":"2022-02-14T14:30:39","guid":{"rendered":"https:\/\/flickanddrop.com.ar\/?post_type=product&#038;p=30703"},"modified":"2026-02-05T20:06:53","modified_gmt":"2026-02-05T20:06:53","slug":"palo-hockey-adidas-estro-1-2022","status":"publish","type":"product","link":"https:\/\/flickanddrop.com.ar\/?product=palo-hockey-adidas-estro-1-2022","title":{"rendered":"Palo Hockey Adidas Estro 1"},"content":{"rendered":"<p>90% Carbono &#8211; 5% Aramid &#8211; 5% FV<\/p>\n<p>UN PALO DE HOCKEY BANG MEDIANO PARA UN CONTROL \u00d3PTIMO<br \/>\n\u00bfHaces los tiros decisivos en el juego? Con este palo de hockey adidas Estro, estar\u00e1s en posesi\u00f3n la mayor parte del tiempo y determinar\u00e1s el partido. Su combinaci\u00f3n de la cabeza del palo Pure Control y la parte delantera central le permite un control preciso de la pelota desde la aceptaci\u00f3n hasta el golpe. Adem\u00e1s, la innovadora tecnolog\u00eda Kromaskin proporciona una mayor rigidez y durabilidad. Para que puedas jugar tus tiros y pases con m\u00e1s potencia.<br \/>\nDETALLES<br \/>\nLongitud: 37.5&#8243;<br \/>\nmezcla de materiales<br \/>\nclub de control puro<br \/>\ngeometr\u00eda 3D<\/p>\n","protected":false},"excerpt":{"rendered":"<p>90% Carbono &#8211; 5% Aramid &#8211; 5% FV UN PALO DE HOCKEY BANG MEDIANO PARA UN CONTROL \u00d3PTIMO \u00bfHaces los tiros decisivos en el juego? Con este palo de hockey adidas Estro, estar\u00e1s en posesi\u00f3n la mayor parte del tiempo y determinar\u00e1s el partido. Su combinaci\u00f3n de la cabeza del palo Pure Control y la&hellip;&nbsp;<a href=\"https:\/\/flickanddrop.com.ar\/?product=palo-hockey-adidas-estro-1-2022\" class=\"\" rel=\"bookmark\">Leer m\u00e1s &raquo;<span class=\"screen-reader-text\">Palo Hockey Adidas Estro 1<\/span><\/a><\/p>\n","protected":false},"featured_media":0,"template":"","meta":{"neve_meta_sidebar":"","neve_meta_container":"","neve_meta_enable_content_width":"off","neve_meta_content_width":70,"neve_meta_title_alignment":"","neve_meta_author_avatar":"","neve_post_elements_order":"","neve_meta_disable_header":"","neve_meta_disable_footer":"","neve_meta_disable_title":""},"_links":{"self":[{"href":"https:\/\/flickanddrop.com.ar\/index.php?rest_route=\/wp\/v2\/product\/30703"}],"collection":[{"href":"https:\/\/flickanddrop.com.ar\/index.php?rest_route=\/wp\/v2\/product"}],"about":[{"href":"https:\/\/flickanddrop.com.ar\/index.php?rest_route=\/wp\/v2\/types\/product"}],"wp:attachment":[{"href":"https:\/\/flickanddrop.com.ar\/index.php?rest_route=%2Fwp%2Fv2%2Fmedia&parent=30703"}],"curies":[{"name":"wp","href":"https:\/\/api.w.org\/{rel}","templated":true}]}}