{"id":21699,"date":"2021-07-15T20:52:48","date_gmt":"2021-07-15T20:52:48","guid":{"rendered":"https:\/\/flickanddrop.com.ar\/?post_type=product&#038;p=21699"},"modified":"2022-08-17T20:58:24","modified_gmt":"2022-08-17T20:58:24","slug":"botin-rugby-adidas-kakari-8-tapones","status":"publish","type":"product","link":"https:\/\/flickanddrop.com.ar\/?product=botin-rugby-adidas-kakari-8-tapones","title":{"rendered":"Botin Rugby Adidas Kakari 8 Tapones"},"content":{"rendered":"<p>Para dominar en la cancha se necesita mucho m\u00e1s que fuerza. Por eso adidas dise\u00f1\u00f3 estos botines de rugby Kakari que son m\u00e1s estilizados y livianos que sus predecesores. Este par presenta un exterior de cuero sint\u00e9tico muy resistente para abrirte camino entre la formaci\u00f3n defensiva del rival a toda velocidad. La suela de 8 tapones te proporciona la tracci\u00f3n que necesit\u00e1s para marcar el ritmo del partido en campos de terreno suave.<br \/>\nDETALLES<br \/>\nHorma cl\u00e1sica<br \/>\nSistema de atado de cordones<br \/>\nExterior en cuero sint\u00e9tico<br \/>\nDise\u00f1o estable y liviano<br \/>\nBotines de rugby para terreno suave<br \/>\nForro interno textil<br \/>\nSuela de 8 tapones para terreno suave<br \/>\nColor del art\u00edculo: Legend Ink \/ Signal Cyan \/ Signal Orange<\/p>\n","protected":false},"excerpt":{"rendered":"<p>Para dominar en la cancha se necesita mucho m\u00e1s que fuerza. Por eso adidas dise\u00f1\u00f3 estos botines de rugby Kakari que son m\u00e1s estilizados y livianos que sus predecesores. Este par presenta un exterior de cuero sint\u00e9tico muy resistente para abrirte camino entre la formaci\u00f3n defensiva del rival a toda velocidad. La suela de 8&hellip;&nbsp;<a href=\"https:\/\/flickanddrop.com.ar\/?product=botin-rugby-adidas-kakari-8-tapones\" class=\"\" rel=\"bookmark\">Leer m\u00e1s &raquo;<span class=\"screen-reader-text\">Botin Rugby Adidas Kakari 8 Tapones<\/span><\/a><\/p>\n","protected":false},"featured_media":21654,"template":"","meta":{"neve_meta_sidebar":"","neve_meta_container":"","neve_meta_enable_content_width":"off","neve_meta_content_width":70,"neve_meta_title_alignment":"","neve_meta_author_avatar":"","neve_post_elements_order":"","neve_meta_disable_header":"","neve_meta_disable_footer":"","neve_meta_disable_title":""},"_links":{"self":[{"href":"https:\/\/flickanddrop.com.ar\/index.php?rest_route=\/wp\/v2\/product\/21699"}],"collection":[{"href":"https:\/\/flickanddrop.com.ar\/index.php?rest_route=\/wp\/v2\/product"}],"about":[{"href":"https:\/\/flickanddrop.com.ar\/index.php?rest_route=\/wp\/v2\/types\/product"}],"wp:featuredmedia":[{"embeddable":true,"href":"https:\/\/flickanddrop.com.ar\/index.php?rest_route=\/wp\/v2\/media\/21654"}],"wp:attachment":[{"href":"https:\/\/flickanddrop.com.ar\/index.php?rest_route=%2Fwp%2Fv2%2Fmedia&parent=21699"}],"curies":[{"name":"wp","href":"https:\/\/api.w.org\/{rel}","templated":true}]}}