{"id":2048,"date":"2020-02-26T22:14:16","date_gmt":"2020-02-26T22:14:16","guid":{"rendered":"https:\/\/flickanddrop.com.ar\/?post_type=product&#038;p=2048"},"modified":"2024-03-01T21:34:40","modified_gmt":"2024-03-01T21:34:40","slug":"ritual-ultra-75","status":"publish","type":"product","link":"https:\/\/flickanddrop.com.ar\/?product=ritual-ultra-75","title":{"rendered":"Ritual Speciality 75"},"content":{"rendered":"<h3>75% Carbono<br \/>\nEL STICK DE HOCKEY M\u00c1S AVANZADO HECHO La Revolution Ultra es un triunfo de la ingenier\u00eda deportiva. El dise\u00f1o Ultra es el resultado de una exhaustiva fase de desarrollo de 2 a\u00f1os, donde se pusieron a prueba m\u00e1s de 200 prototipos diferentes. El resultado final es una revoluci\u00f3n en el dise\u00f1o de palos de hockey. Una revoluci\u00f3n dise\u00f1ada en Australia, construida con est\u00e1ndares de precisi\u00f3n. Cabeza de n\u00facleo de espuma aeroespacial, carbono tejido y sistema de inyecci\u00f3n de resina RTM controlada por computadora. Ligero, equilibrado, sin esfuerzo. Un stick de nivel elite 100% enfocado en el rendimiento.<br \/>\nARCO ULTRA BAJO M\u00c1XIMO Un palo de arco bajo dise\u00f1ado espec\u00edficamente, conformado a las especificaciones m\u00e1ximas permitidas con una curva ultra baja y un perfil agudo de 24 mm. La base de la cabeza tiene un cono ultra delgado para un mayor control y precisi\u00f3n en 3D.<\/h3>\n","protected":false},"excerpt":{"rendered":"<p>75% Carbono EL STICK DE HOCKEY M\u00c1S AVANZADO HECHO La Revolution Ultra es un triunfo de la ingenier\u00eda deportiva. El dise\u00f1o Ultra es el resultado de una exhaustiva fase de desarrollo de 2 a\u00f1os, donde se pusieron a prueba m\u00e1s de 200 prototipos diferentes. El resultado final es una revoluci\u00f3n en el dise\u00f1o de palos&hellip;&nbsp;<a href=\"https:\/\/flickanddrop.com.ar\/?product=ritual-ultra-75\" class=\"\" rel=\"bookmark\">Leer m\u00e1s &raquo;<span class=\"screen-reader-text\">Ritual Speciality 75<\/span><\/a><\/p>\n","protected":false},"featured_media":34869,"template":"","meta":{"neve_meta_sidebar":"","neve_meta_container":"","neve_meta_enable_content_width":"off","neve_meta_content_width":70,"neve_meta_title_alignment":"","neve_meta_author_avatar":"","neve_post_elements_order":"","neve_meta_disable_header":"","neve_meta_disable_footer":"","neve_meta_disable_title":""},"_links":{"self":[{"href":"https:\/\/flickanddrop.com.ar\/index.php?rest_route=\/wp\/v2\/product\/2048"}],"collection":[{"href":"https:\/\/flickanddrop.com.ar\/index.php?rest_route=\/wp\/v2\/product"}],"about":[{"href":"https:\/\/flickanddrop.com.ar\/index.php?rest_route=\/wp\/v2\/types\/product"}],"wp:featuredmedia":[{"embeddable":true,"href":"https:\/\/flickanddrop.com.ar\/index.php?rest_route=\/wp\/v2\/media\/34869"}],"wp:attachment":[{"href":"https:\/\/flickanddrop.com.ar\/index.php?rest_route=%2Fwp%2Fv2%2Fmedia&parent=2048"}],"curies":[{"name":"wp","href":"https:\/\/api.w.org\/{rel}","templated":true}]}}